{"id":64,"date":"2018-09-03T10:53:52","date_gmt":"2018-09-03T08:53:52","guid":{"rendered":"http:\/\/test.aicw.it\/?page_id=64"},"modified":"2018-09-14T12:00:42","modified_gmt":"2018-09-14T10:00:42","slug":"progetto-giovanile-rrd-firerace","status":"publish","type":"page","link":"https:\/\/www.aicw.it\/index.php\/progetto-giovanile-rrd-firerace\/","title":{"rendered":"PROGETTO GIOVANILE \u2013 RRD FIRERACE"},"content":{"rendered":"<p><img loading=\"lazy\" decoding=\"async\" class=\"aligncenter size-full wp-image-11011\" src=\"http:\/\/test.aicw.it\/wp-content\/uploads\/2018\/09\/8.jpg\" alt=\"\" width=\"1300\" height=\"474\" srcset=\"https:\/\/www.aicw.it\/wp-content\/uploads\/2018\/09\/8.jpg 1300w, https:\/\/www.aicw.it\/wp-content\/uploads\/2018\/09\/8-300x109.jpg 300w, https:\/\/www.aicw.it\/wp-content\/uploads\/2018\/09\/8-768x280.jpg 768w, https:\/\/www.aicw.it\/wp-content\/uploads\/2018\/09\/8-1024x373.jpg 1024w\" sizes=\"auto, (max-width: 1300px) 100vw, 1300px\" \/><\/p>\n<p>PROGETTO GIOVANILE \u2013 RRD FIRERACE<\/p>\n<p>Il Progetto Windsurf Giovanile A.I.C.W.<br \/>\nnato Dal progetto del Team 12, che diede origine al primo progetto Giovanile denominato Team Twelve, ove si correva con tavole monotipo per gli Under 20 gentilmente offerte da RRD, il Consiglio Direttivo nel 2014, volle dare un segnale per incentivare gli Under 20 al mondo del Windsurf A.I.C.W.<br \/>\nNato dal lavoro di anni ecco il progetto \u201cCoach Giovanili\u201d e \u201d TAVOLA GIOVANILE RRD -FIRERACE Riconosciuta da FIV<\/p>\n<p>Questo nuovo progetto, nato ufficialmente nel 2015, ha lo scopo di avvicinare i giovani al mondo del Windsurf con una sana dose di divertimento; tutti potranno scoprire questo meraviglioso sport in tutte le sue diverse sfaccettature e diventare, speriamo, dei Campioni del Mondo!<br \/>\nA.I.C.W. ha identificato dei \u201cCoach Giovanili\u201d\u00a0 riconosciuti dal Direttivo per esperienza, vivaio, passione, motivazioni speciali per i giovani.<br \/>\nIn Italia, il primo bacino \u00e8 stato fatto dal Team di David Gabriellini detto Ovo Team, di Livorno, oltre al Team di Davide , chi ha svolto un lavoro simile \u00e8 stata, in Sardegna,\u00a0 Giuseppe Pugliese il quale ha seguito e sta seguendo atleti Italiani che partecipano alla coppa del mondo PWA come MATTEO IACHINO Campione 2016 PWA e vice Campione 2017.<br \/>\nAl sud, dalla Sicilia, troviamo un\u2019altro istruttore animato da una grande passione Lucio Cozzupoli attuale mentre del direttivo, il quale ha avuto l\u2019onore di essere l\u2019allenatore del primo campione del Mondo di Slalom Giovanile Italiano, Francesco Scagliola.<br \/>\nUn\u2019altra realt\u00e0 che st\u00e0 avendo ottimi risultati in materia \u00e8 Torbole dove lo staff del circolo surf Torbole ha dalla sua atleti ai vertici nella disciplina dello slalom, nati sullo slancio di una tradizione ormai trentennale , che ha raggiunto nel 2013 l\u2019apice con il compianto Alberto Menegatti , primo italiano ad arrivare secondo in Coppa del mondo Slalom.<br \/>\nGiuseppe Pugliese, e David, si cercher\u00e0 di trasmettere a tutti coloro che saranno interessati alle discipline veloci del windsurf, la passione il divertimento e la professionalit\u00e0 che da anni ci unisce a questo fantastico mondo. Un ringraziamento per il supporto ad RRD Azienda del Pool AICW che mette a disposizione le tavole Slalom Firerace 120. A seguito di un bando svolto tra tutte le Aziende, per assegnare la tavola giovanile, dopo una serie di test, venne assegnato ad RRD il compito di fornire le tavole per\u00a0Under 15 e Under 17 con le tavole RRD One Design.<\/p>\n","protected":false},"excerpt":{"rendered":"<p>PROGETTO GIOVANILE \u2013 RRD FIRERACE Il Progetto Windsurf Giovanile A.I.C.W. nato Dal progetto del Team 12, che diede origine al primo progetto Giovanile denominato Team Twelve, ove si correva con tavole monotipo per gli Under 20 gentilmente offerte da RRD, il Consiglio Direttivo nel 2014, volle dare un segnale per incentivare gli Under 20 al [&hellip;]<\/p>\n","protected":false},"author":6,"featured_media":0,"parent":0,"menu_order":0,"comment_status":"closed","ping_status":"closed","template":"","meta":{"footnotes":""},"class_list":["post-64","page","type-page","status-publish","czr-hentry"],"_links":{"self":[{"href":"https:\/\/www.aicw.it\/index.php\/wp-json\/wp\/v2\/pages\/64","targetHints":{"allow":["GET"]}}],"collection":[{"href":"https:\/\/www.aicw.it\/index.php\/wp-json\/wp\/v2\/pages"}],"about":[{"href":"https:\/\/www.aicw.it\/index.php\/wp-json\/wp\/v2\/types\/page"}],"author":[{"embeddable":true,"href":"https:\/\/www.aicw.it\/index.php\/wp-json\/wp\/v2\/users\/6"}],"replies":[{"embeddable":true,"href":"https:\/\/www.aicw.it\/index.php\/wp-json\/wp\/v2\/comments?post=64"}],"version-history":[{"count":2,"href":"https:\/\/www.aicw.it\/index.php\/wp-json\/wp\/v2\/pages\/64\/revisions"}],"predecessor-version":[{"id":11012,"href":"https:\/\/www.aicw.it\/index.php\/wp-json\/wp\/v2\/pages\/64\/revisions\/11012"}],"wp:attachment":[{"href":"https:\/\/www.aicw.it\/index.php\/wp-json\/wp\/v2\/media?parent=64"}],"curies":[{"name":"wp","href":"https:\/\/api.w.org\/{rel}","templated":true}]}}