{"id":62,"date":"2018-09-03T10:52:27","date_gmt":"2018-09-03T08:52:27","guid":{"rendered":"http:\/\/test.aicw.it\/?page_id=62"},"modified":"2018-09-14T11:41:30","modified_gmt":"2018-09-14T09:41:30","slug":"speed","status":"publish","type":"page","link":"https:\/\/www.aicw.it\/index.php\/speed\/","title":{"rendered":"Speed"},"content":{"rendered":"<p><img loading=\"lazy\" decoding=\"async\" class=\"aligncenter size-full wp-image-11000\" src=\"http:\/\/test.aicw.it\/wp-content\/uploads\/2018\/09\/4.jpg\" alt=\"\" width=\"1300\" height=\"474\" srcset=\"https:\/\/www.aicw.it\/wp-content\/uploads\/2018\/09\/4.jpg 1300w, https:\/\/www.aicw.it\/wp-content\/uploads\/2018\/09\/4-300x109.jpg 300w, https:\/\/www.aicw.it\/wp-content\/uploads\/2018\/09\/4-768x280.jpg 768w, https:\/\/www.aicw.it\/wp-content\/uploads\/2018\/09\/4-1024x373.jpg 1024w\" sizes=\"auto, (max-width: 1300px) 100vw, 1300px\" \/><\/p>\n<p>Lo speed \u00e8 una disciplina del windsurf dove uomo e attrezzatura sono portati al limite estremo, alla ricerca di quel risultato assoluto che si finalizza nella run.<\/p>\n<p>Fino ad oggi c\u2019\u00e8 stato un circuito Mondiale, ISWC, all\u2019interno del quale si potevano disputare anche vari Campionati Nazionali come a Port St Louis quello Francese, a Gruissan quello Belga ecc. Poi nel caso di eventi pi\u00f9 importanti( Karpatrhos, Fuerte , Dungarvan) i titoli in palio erano quello di Campione Europeo e di Campione Mondiale.<\/p>\n<p>Ora sta partendo un circuito Europeo sempre sotto la ISWC.<\/p>\n<p>L\u2019ultimo Mondiale \u00e8 stato vinto da Finian Maynard su Antoine Albeau.<\/p>\n<p>L\u2019ultimo Campionato Europeo \u00e8 stato appannaggio del nostro Andrea Baldini su Bjorn Dunkerbeck.<\/p>\n<p>Solitamente ogni regata dura 90 minuti e se ne possono fare anche 3 o 4 nella stessa giornata.<\/p>\n<p>Durante i 90 minuti tutti gli atleti faranno diversi passagi tra due boe (inserite in un percorso obbligato a forma di trapezio), generalmente parallele alla spiaggia. Per la classifica di ogni regata varranno i due run pi\u00f9 veloci di ogni atleta.<\/p>\n<p>Il vento minimo con il run di traverso \u00e8 di 20 nodi di media mentre si avvicina ai 30 con il run molto largo di gran lasco. Affinch\u00e8 una regata sia valida una certa percentuale dei partecipanti deve fare una certa velocit\u00e0 minima nei 2 migliori run\u2026\u2026ma le regole sono in costante evoluzione come d\u2019altronde i materiali e quindi le performance.<\/p>\n<p>Nell\u2019 European Speed Tour invece la regola \u00e8 che il 20% dei partecipanti deve avere almeno 3 run sopra i 28 kts. affinch\u00e8 si possa dichiarare regata valida.<\/p>\n<p>La lunghezza del run pu\u00f2 essere di 250 o di 500 metri.<\/p>\n<p>Questa seconda \u00e8 una distanza ufficiale per il record del mondo di velocit\u00e0 (ora appartenente all\u2019imbarcazione Hydroptere che con Anders Bringdal ha staccato un 51,36 appunto sui 500mt\u2026.discorso a parte poi per i Kiters ).<\/p>\n<p>Il Canale di Stes Maries de la Mer \u00e8 di solito teatro di vari tentativi di record dove i nostri rider cercano di riportare al windsurf l\u2019ambito primato.<\/p>\n<p>Come \u00e8 stato gi\u00e0 detto, ecco due chicche del passato: Catch the Wind\u2026\u2026La vita comincia a 30 nodi !<\/p>\n","protected":false},"excerpt":{"rendered":"<p>Lo speed \u00e8 una disciplina del windsurf dove uomo e attrezzatura sono portati al limite estremo, alla ricerca di quel risultato assoluto che si finalizza nella run. Fino ad oggi c\u2019\u00e8 stato un circuito Mondiale, ISWC, all\u2019interno del quale si potevano disputare anche vari Campionati Nazionali come a Port St Louis quello Francese, a Gruissan [&hellip;]<\/p>\n","protected":false},"author":6,"featured_media":0,"parent":0,"menu_order":0,"comment_status":"closed","ping_status":"closed","template":"","meta":{"footnotes":""},"class_list":["post-62","page","type-page","status-publish","czr-hentry"],"_links":{"self":[{"href":"https:\/\/www.aicw.it\/index.php\/wp-json\/wp\/v2\/pages\/62","targetHints":{"allow":["GET"]}}],"collection":[{"href":"https:\/\/www.aicw.it\/index.php\/wp-json\/wp\/v2\/pages"}],"about":[{"href":"https:\/\/www.aicw.it\/index.php\/wp-json\/wp\/v2\/types\/page"}],"author":[{"embeddable":true,"href":"https:\/\/www.aicw.it\/index.php\/wp-json\/wp\/v2\/users\/6"}],"replies":[{"embeddable":true,"href":"https:\/\/www.aicw.it\/index.php\/wp-json\/wp\/v2\/comments?post=62"}],"version-history":[{"count":3,"href":"https:\/\/www.aicw.it\/index.php\/wp-json\/wp\/v2\/pages\/62\/revisions"}],"predecessor-version":[{"id":10999,"href":"https:\/\/www.aicw.it\/index.php\/wp-json\/wp\/v2\/pages\/62\/revisions\/10999"}],"wp:attachment":[{"href":"https:\/\/www.aicw.it\/index.php\/wp-json\/wp\/v2\/media?parent=62"}],"curies":[{"name":"wp","href":"https:\/\/api.w.org\/{rel}","templated":true}]}}