{"id":52,"date":"2018-09-03T10:49:19","date_gmt":"2018-09-03T08:49:19","guid":{"rendered":"http:\/\/test.aicw.it\/?page_id=52"},"modified":"2020-05-07T17:31:36","modified_gmt":"2020-05-07T15:31:36","slug":"freestyle","status":"publish","type":"page","link":"https:\/\/www.aicw.it\/index.php\/freestyle\/","title":{"rendered":"FreeStyle"},"content":{"rendered":"<p><img loading=\"lazy\" decoding=\"async\" class=\"alignnone size-full wp-image-12750\" src=\"http:\/\/www.aicw.it\/wp-content\/uploads\/2020\/05\/SPM4026.jpg\" alt=\"\" width=\"1300\" height=\"867\" srcset=\"https:\/\/www.aicw.it\/wp-content\/uploads\/2020\/05\/SPM4026.jpg 1300w, https:\/\/www.aicw.it\/wp-content\/uploads\/2020\/05\/SPM4026-300x200.jpg 300w, https:\/\/www.aicw.it\/wp-content\/uploads\/2020\/05\/SPM4026-1024x683.jpg 1024w, https:\/\/www.aicw.it\/wp-content\/uploads\/2020\/05\/SPM4026-768x512.jpg 768w\" sizes=\"auto, (max-width: 1300px) 100vw, 1300px\" \/><\/p>\n<p>Il freestyle \u00e8 la pi\u00f9 giovane e dinamica tra le discipline del windsurf. Il format del freestyle moderno, nato a met\u00e0 degli anni novanta, consiste in una nuova eleborazione del concetto tradizionale di freestyle: alle acrobazie statiche e lente del vecchio freestyle vennero contrapposte una strabiliante serie di manovre e acrobazie aeree derivate dal mondo del wave, eseguite per\u00f2 in acqua piatta.<\/p>\n<p>La disciplina ha visto prendere il volo proprio in Italia, sulle acque del Lago di Garda con la famosa King of the Lake. In seguito la disciplina si \u00e8 diffusa in tutto il mondo ed \u00e8 diventata per molti anni la molla trainante del grande sviluppo tecnico avvenuto nella scena windsurf contemporaneo.<\/p>\n","protected":false},"excerpt":{"rendered":"<p>Il freestyle \u00e8 la pi\u00f9 giovane e dinamica tra le discipline del windsurf. Il format del freestyle moderno, nato a met\u00e0 degli anni novanta, consiste in una nuova eleborazione del concetto tradizionale di freestyle: alle acrobazie statiche e lente del vecchio freestyle vennero contrapposte una strabiliante serie di manovre e acrobazie aeree derivate dal mondo [&hellip;]<\/p>\n","protected":false},"author":6,"featured_media":0,"parent":0,"menu_order":0,"comment_status":"closed","ping_status":"closed","template":"","meta":{"footnotes":""},"class_list":["post-52","page","type-page","status-publish","czr-hentry"],"_links":{"self":[{"href":"https:\/\/www.aicw.it\/index.php\/wp-json\/wp\/v2\/pages\/52","targetHints":{"allow":["GET"]}}],"collection":[{"href":"https:\/\/www.aicw.it\/index.php\/wp-json\/wp\/v2\/pages"}],"about":[{"href":"https:\/\/www.aicw.it\/index.php\/wp-json\/wp\/v2\/types\/page"}],"author":[{"embeddable":true,"href":"https:\/\/www.aicw.it\/index.php\/wp-json\/wp\/v2\/users\/6"}],"replies":[{"embeddable":true,"href":"https:\/\/www.aicw.it\/index.php\/wp-json\/wp\/v2\/comments?post=52"}],"version-history":[{"count":4,"href":"https:\/\/www.aicw.it\/index.php\/wp-json\/wp\/v2\/pages\/52\/revisions"}],"predecessor-version":[{"id":12751,"href":"https:\/\/www.aicw.it\/index.php\/wp-json\/wp\/v2\/pages\/52\/revisions\/12751"}],"wp:attachment":[{"href":"https:\/\/www.aicw.it\/index.php\/wp-json\/wp\/v2\/media?parent=52"}],"curies":[{"name":"wp","href":"https:\/\/api.w.org\/{rel}","templated":true}]}}