{"id":5,"date":"2012-12-20T10:37:20","date_gmt":"2012-12-20T09:37:20","guid":{"rendered":"http:\/\/www.aicw.it\/?page_id=5"},"modified":"2012-12-20T10:37:20","modified_gmt":"2012-12-20T09:37:20","slug":"diventa-socio-aicw","status":"publish","type":"page","link":"https:\/\/www.aicw.it\/index.php\/diventa-socio-aicw\/","title":{"rendered":"Diventa Socio AICW"},"content":{"rendered":"<p>&nbsp;<\/p>\n<p>L&#8217;Associazione Italiana Classi Windsurf \u00e8 l&#8217;organo che coordina l&#8217;attivit\u00e0 dell&#8217;intera comunit\u00e0 dei windsurfisti e dei regatanti italiani.<\/p>\n<p>L&#8217;Associazione riunisce al suo interno tutte le varie anime del movimento windsurfistico italiano, dagli amatori che si vogliono avvicinare al mondo delle regate e dei raduni ai professionisti che gareggiano ai pi\u00f9 alti livelli mondiali.<\/p>\n<p>Qualsiasi sia la tua disciplina preferita, che si tratti di Slalom o Wave, Formula o Freestyle, Speed o Raceboard l&#8217;AICW rappresenta il punto di riferimento per chi come te ama il windsurf ed il suo mondo.<\/p>\n<p>Diventa socio dell&#8217;AICW per entrare a far parte di questo mondo!<\/p>\n<p>diventa<a href=\"http:\/\/www.aicw.it\/2017\/modulo-di-ammissione-online\/\"> nostro socio.<\/a>.<\/p>\n","protected":false},"excerpt":{"rendered":"<p>&nbsp; L&#8217;Associazione Italiana Classi Windsurf \u00e8 l&#8217;organo che coordina l&#8217;attivit\u00e0 dell&#8217;intera comunit\u00e0 dei windsurfisti e dei regatanti italiani. L&#8217;Associazione riunisce al suo interno tutte le varie anime del movimento windsurfistico italiano, dagli amatori che si vogliono avvicinare al mondo delle regate e dei raduni ai professionisti che gareggiano ai pi\u00f9 alti livelli mondiali. Qualsiasi sia [&hellip;]<\/p>\n","protected":false},"author":6,"featured_media":0,"parent":0,"menu_order":0,"comment_status":"closed","ping_status":"open","template":"","meta":{"footnotes":""},"class_list":["post-5","page","type-page","status-publish","czr-hentry"],"_links":{"self":[{"href":"https:\/\/www.aicw.it\/index.php\/wp-json\/wp\/v2\/pages\/5","targetHints":{"allow":["GET"]}}],"collection":[{"href":"https:\/\/www.aicw.it\/index.php\/wp-json\/wp\/v2\/pages"}],"about":[{"href":"https:\/\/www.aicw.it\/index.php\/wp-json\/wp\/v2\/types\/page"}],"author":[{"embeddable":true,"href":"https:\/\/www.aicw.it\/index.php\/wp-json\/wp\/v2\/users\/6"}],"replies":[{"embeddable":true,"href":"https:\/\/www.aicw.it\/index.php\/wp-json\/wp\/v2\/comments?post=5"}],"version-history":[{"count":0,"href":"https:\/\/www.aicw.it\/index.php\/wp-json\/wp\/v2\/pages\/5\/revisions"}],"wp:attachment":[{"href":"https:\/\/www.aicw.it\/index.php\/wp-json\/wp\/v2\/media?parent=5"}],"curies":[{"name":"wp","href":"https:\/\/api.w.org\/{rel}","templated":true}]}}