{"id":13287,"date":"2021-12-13T12:03:51","date_gmt":"2021-12-13T11:03:51","guid":{"rendered":"http:\/\/www.aicw.it\/?page_id=13287"},"modified":"2022-05-09T16:24:01","modified_gmt":"2022-05-09T14:24:01","slug":"modalita-tesseramento-2022","status":"publish","type":"page","link":"https:\/\/www.aicw.it\/index.php\/modalita-tesseramento-2022\/","title":{"rendered":"Modalit\u00e0 Tesseramento 2022"},"content":{"rendered":"<p><strong>IL TESSERAMENTO PER LA STAGIONE 2022 PARTIR\u00e0\u00a0 DAL 1 GENNAIO PER I RINNOVI MENTRE DAL 10 GENNAIO I NUOVI TESSERAMENTI.<br \/>\n<\/strong><\/p>\n<p><strong>Cosa Cambia:<\/strong> la tessera anche per necessit\u00e0 causa emergenza COVID sara solo di tipo digitale chi lo desidera potra stamparsela e plastificarla, per il ricevimento necessario un mail valida.<\/p>\n<p><strong>Il termine per il rinnovo del tesseramento 2022 \u00e8 fissato al 28 Febbraio 2022.<\/strong><\/p>\n<p><strong>Per il 2022 rimangono le stesse tipologie di tesseramento dell&#8217;anno precedente quindi invitiamo tutti ad attenta lettura della tessera che si sceglie per questo 2022, non sono ammessi cambi in downgrade per i possessori numeri velici 1-2 cifre a meno che non si lasci il precedente numero velico per uno a 3-4 cifre dopo comunicazione e indicazione del nuovo numero abbinato tramite il coordinamento Nazionale via mail a segreteria@aicw.it.<\/strong><\/p>\n<p><strong>Ricordiamo che il rinnovo potr\u00e0 esser fatto dal 1 Gennaio 2022 entro il 28 Febbraio 2022, data della scadenza del rinnovo tesseramento senza maggiorazioni; si ricorda che il Coordinamento Nazionale risponder\u00e0 dal 10 Gennaio. Dal 1 Marzo al 30 Giugno 2022 si applica la mora di 15 euro, la \u201cONESHOT\u201d\u00a0 si ricorda non \u00e8 usufruibile per gli atleti indicati socio giovanile o \u201cunder 20 anni\u201d e non \u00e8 valida per gare di livello nazionale. Chi rinnova dopo il 30 Giugno fino al 30 Settembre paga una mora del 50% del valore della tessera. Si prega sempre di contattare il coordinamento su segreteria@aicw.it prima di procedere ai pagamenti in caso di dubbi.<\/strong><\/p>\n<p><strong><br \/>\nDal 1 Aprile 2022 il SOCIO che non ha rinnovato perde il possesso del numero velico che potr\u00e0 essere abbinato ad altro socio; Trascorso tale termine il Socio che non avr\u00e0 rinnovato il tesseramento attraverso il pagamento della quota annuale perde il diritto a mantenere il proprio numero velico, che potr\u00e0 quindi essere assegnato ad altri atleti.<\/strong><\/p>\n<p><strong>Dal 1 Agosto 2022 il <\/strong><strong>Socio, che non ha rinnovato in maniera regolare contando il coordinamento via email e seguendo le quote e procedure di rinnovo, DECADE e per essere riammesso deve ripresentare la domanda di ammissione all\u2019Associazione .<\/strong><\/p>\n<p>&nbsp;<\/p>\n<p><strong>Si fa presente che, tassativamente, sar\u00e0 obbligatorio essere tesserati entro le 48 ore ANTECEDENTI qualsiasi regata A.I.C.W. Tale limite \u00e8 imposto per evidenti questioni di carattere organizzativo ed assicurativo. NON \u00e8 VALIDO MANDARE SOLO IL PAGAMENTO MA SI RICORDA DI CONTATTARE SEMPRE VIA EMAIL IL COORDINAMENTO PER RICEVERE LA TESSERA DIGITALE DA PRESENTARE TRAMITE SMARTPHONE.<\/strong><\/p>\n<p><strong>NON saranno pertanto accettate iscrizioni in sede di regata.<\/strong><\/p>\n<hr \/>\n<p>&nbsp;<\/p>\n<p align=\"center\"><strong>COME EFFETTUARE IL RINNOVO DEL TESSERAMENTO<\/strong><\/p>\n<p><strong>Il tesseramento si perfeziona attraverso il pagamento della quota sociale, secondo gli importi riportati al link<\/strong><\/p>\n<p style=\"text-align: center;\"><a href=\"http:\/\/www.aicw.it\/index.php\/tipologie-tesseramento-2022\/\">http:\/\/www.aicw.it\/index.php\/tipologie-tesseramento\/<\/a><\/p>\n<p align=\"center\">se successivi alle date indicate di scadenza del 1 Marzo e poi del 1 Giugno devono rispettare le maggiorazioni<\/p>\n<p>&nbsp;<\/p>\n<p><strong>Il pagamento potr\u00e0 essere effettuato secondo una delle due possibilit\u00e0 alternative:<\/strong><\/p>\n<ol>\n<li><strong>BONIFICO BANCARIO sul conto corrente n. 793,\u00a0 Banco BPM\u00a0 SPA, Filiale di Lugo di Romagna, intestato ad Associazione Italiana Classi Windsurf.<\/strong><\/li>\n<li><strong>IBAN: IT75W0503423801000000000793.<\/strong><\/li>\n<li><strong>I Soci devono indicare nel bonifico i seguenti dati: numero velico attuale, nome e cognome girare email della distinta a segreteria@aicw.it .<\/strong><\/li>\n<li><strong>PAGAMENTO ON LINE (tramite Pay Pal) tramite la sezione del sito <\/strong><a href=\"http:\/\/www.aicw.it\/\"><strong>www.aicw.it<\/strong><\/a><strong> al link<a href=\"http:\/\/www.aicw.it\/index.php\/tipologie-tesseramento-2022\/\"> tipologie tesseramento rinnovo<\/a><\/strong><\/li>\n<\/ol>\n<p><strong>Si invitano inoltre tutti i Soci, una volta effettuato il rinnovo <\/strong>se vi sono degli aggiornamenti nella residenza , email o recapiti o circolo di appartenenza vi invitiamo a mandare una mail al coordinamento a <a href=\"mailto:segreteria@aicw.it\">segreteria@aicw.it<\/a><\/p>\n<p>&nbsp;<\/p>\n<p>&nbsp;<\/p>\n<hr \/>\n<p>&nbsp;<\/p>\n<p><strong>COME EFFETTUARE IL PRIMO TESSERAMENTO<\/strong><\/p>\n<p><strong>Tutti gli ASPIRANTI SOCI <\/strong><strong>devono: <\/strong><\/p>\n<ol>\n<li><strong>Compilare\u00a0 il <a href=\"https:\/\/form.jotform.com\/212943779408366\"> modulo di ammissione online <\/a> o il <\/strong><strong> modulo di richiesta ammissione Soci 2022<\/strong><strong> inviandolo in formato digitale all\u2019indirizzo e-mail <\/strong><strong><a href=\"mailto:segreteria@aicw.it\">segreteria@aicw.it<\/a> <\/strong><strong>ed attendere il nulla osta;<\/strong><\/li>\n<li><strong>Appena ricevuta la conferma all\u2019iscrizione, la segreteria conferma all\u2019aspirante Socio uno dei numeri velici di preferenza tra quelli indicati nella\u00a0 richiesta ovviamente, per i quali AICW ha valutato la disponibilit\u00e0;<\/strong><\/li>\n<li><strong>Una volta ricevuta conferma del numero velico, il Socio perfeziona l\u2019iscrizione attraverso il pagamento della quota secondo le seguenti modalit\u00e0:<\/strong>\n<ul>\n<li><strong>BONIFICO BANCARIO sul conto corrente n. 793, presso\u00a0 Banco BPM SPA, Filiale di Lugo di Romagna, intestato ad Associazione Italiana Classi Windsurf, IBAN: IT75W0503423801000000000793 . <\/strong><\/li>\n<li><strong>I Soci devono indicare nel bonifico i seguenti dati: numero velico attuale, nome e cognome girare via email distinta di pagamento a segreteria@aicw.it .<\/strong><\/li>\n<li><strong>PAGAMENTO ON LINE (tramite Pay-Pal) tramite la sezione del sito per modulo ammissione online <\/strong><a href=\"https:\/\/form.jotform.com\/203291906735357\"><strong>www.aicw.it<\/strong><\/a><strong> dove\u00a0<\/strong><strong> inserire i propri dati anagrafici e agonistici per tesserarsi e seguire le procedure anche<br \/>\n<\/strong><\/li>\n<\/ul>\n<\/li>\n<\/ol>\n<p><a href=\"http:\/\/www.aicw.it\/index.php\/elenco-2021-0-9999\/\"><strong>VERIFICA QUI L\u2019ELENCO DEI NUMERI VELICI GIA\u2019 ASSEGNATI<\/strong><\/a><\/p>\n<hr \/>\n<p>&nbsp;<\/p>\n<p><strong>ogni ulteriore chiarimento relativo al primo tesseramento o ai successivi rinnovi potr\u00e0 essere richiesto inviando una mail all\u2019indirizzo del coordinamento <\/strong><\/p>\n<p><strong> <a href=\"mailto:segreteria@aicw.it\">segreteria@aicw.it<\/a><\/strong><\/p>\n","protected":false},"excerpt":{"rendered":"<p>IL TESSERAMENTO PER LA STAGIONE 2022 PARTIR\u00e0\u00a0 DAL 1 GENNAIO PER I RINNOVI MENTRE DAL 10 GENNAIO I NUOVI TESSERAMENTI. Cosa Cambia: la tessera anche per necessit\u00e0 causa emergenza COVID sara solo di tipo digitale chi lo desidera potra stamparsela e plastificarla, per il ricevimento necessario un mail valida. Il termine per il rinnovo del [&hellip;]<\/p>\n","protected":false},"author":2,"featured_media":0,"parent":0,"menu_order":0,"comment_status":"closed","ping_status":"closed","template":"","meta":{"footnotes":""},"class_list":["post-13287","page","type-page","status-publish","czr-hentry"],"_links":{"self":[{"href":"https:\/\/www.aicw.it\/index.php\/wp-json\/wp\/v2\/pages\/13287","targetHints":{"allow":["GET"]}}],"collection":[{"href":"https:\/\/www.aicw.it\/index.php\/wp-json\/wp\/v2\/pages"}],"about":[{"href":"https:\/\/www.aicw.it\/index.php\/wp-json\/wp\/v2\/types\/page"}],"author":[{"embeddable":true,"href":"https:\/\/www.aicw.it\/index.php\/wp-json\/wp\/v2\/users\/2"}],"replies":[{"embeddable":true,"href":"https:\/\/www.aicw.it\/index.php\/wp-json\/wp\/v2\/comments?post=13287"}],"version-history":[{"count":28,"href":"https:\/\/www.aicw.it\/index.php\/wp-json\/wp\/v2\/pages\/13287\/revisions"}],"predecessor-version":[{"id":14796,"href":"https:\/\/www.aicw.it\/index.php\/wp-json\/wp\/v2\/pages\/13287\/revisions\/14796"}],"wp:attachment":[{"href":"https:\/\/www.aicw.it\/index.php\/wp-json\/wp\/v2\/media?parent=13287"}],"curies":[{"name":"wp","href":"https:\/\/api.w.org\/{rel}","templated":true}]}}